{"id":14,"date":"2022-06-14T11:30:57","date_gmt":"2022-06-14T10:30:57","guid":{"rendered":"https:\/\/www.mediaplateforme.com\/fr\/?page_id=14"},"modified":"2023-08-14T21:16:41","modified_gmt":"2023-08-14T20:16:41","slug":"about","status":"publish","type":"page","link":"https:\/\/www.mediaplateforme.com\/fr\/about\/","title":{"rendered":"\u00c0 propos"},"content":{"rendered":"<p>Mediaplateforme.com est le premier m\u00e9dia marocain, sp\u00e9cialis\u00e9 dans la communication institutions publiques et des entreprises. Il vient enrichir le paysage de la presse digitale marocaine en relayant l&rsquo;actualit\u00e9 des institutions publiques et des entreprises. Il publie \u00e9galement des analyses qui aident notamment \u00e0 la prise de d\u00e9cision dans des domaines vari\u00e9s : Economie, Finances, Agriculture, Management, D\u00e9veloppement durable&#8230;<\/p>\n<p>&nbsp;<\/p>\n<p>L\u2019\u00e9quipe r\u00e9dactionnelle, forte d\u2019une longue exp\u00e9rience dans les m\u00e9dias et le monde du Business, s\u2019engage \u00e0 mettre \u00e0 la disposition de son audience une information de qualit\u00e9. Le site revendique une pr\u00e9sence \u00e9galement qualitative sur les RS.<\/p>\n","protected":false},"excerpt":{"rendered":"<p>Mediaplateforme.com est le premier m\u00e9dia marocain, sp\u00e9cialis\u00e9 dans la communication institutions publiques et des entreprises.<\/p>\n","protected":false},"author":12,"featured_media":0,"parent":0,"menu_order":0,"comment_status":"closed","ping_status":"closed","template":"","meta":{"_acf_changed":false,"footnotes":""},"class_list":["post-14","page","type-page","status-publish","hentry"],"acf":[],"yoast_head":"<!-- This site is optimized with the Yoast SEO plugin v22.0 - https:\/\/yoast.com\/wordpress\/plugins\/seo\/ -->\n<title>\u00c0 propos - MEDIA PLATEFORME | FR<\/title>\n<meta name=\"robots\" content=\"index, follow, max-snippet:-1, max-image-preview:large, max-video-preview:-1\" \/>\n<link rel=\"canonical\" href=\"https:\/\/www.mediaplateforme.com\/fr\/about\/\" \/>\n<meta property=\"og:locale\" content=\"fr_FR\" \/>\n<meta property=\"og:type\" content=\"article\" \/>\n<meta property=\"og:title\" content=\"\u00c0 propos - MEDIA PLATEFORME | FR\" \/>\n<meta property=\"og:description\" content=\"Mediaplateforme.com est le premier m\u00e9dia marocain, sp\u00e9cialis\u00e9 dans la communication institutions publiques et des entreprises.\" \/>\n<meta property=\"og:url\" content=\"https:\/\/www.mediaplateforme.com\/fr\/about\/\" \/>\n<meta property=\"og:site_name\" content=\"MEDIA PLATEFORME | FR\" \/>\n<meta property=\"article:modified_time\" content=\"2023-08-14T20:16:41+00:00\" \/>\n<meta name=\"twitter:card\" content=\"summary_large_image\" \/>\n<meta name=\"twitter:label1\" content=\"Dur\u00e9e de lecture estim\u00e9e\" \/>\n\t<meta name=\"twitter:data1\" content=\"1 minute\" \/>\n<script type=\"application\/ld+json\" class=\"yoast-schema-graph\">{\"@context\":\"https:\/\/schema.org\",\"@graph\":[{\"@type\":\"WebPage\",\"@id\":\"https:\/\/www.mediaplateforme.com\/fr\/about\/\",\"url\":\"https:\/\/www.mediaplateforme.com\/fr\/about\/\",\"name\":\"\u00c0 propos - MEDIA PLATEFORME | FR\",\"isPartOf\":{\"@id\":\"https:\/\/www.mediaplateforme.com\/fr\/#website\"},\"datePublished\":\"2022-06-14T10:30:57+00:00\",\"dateModified\":\"2023-08-14T20:16:41+00:00\",\"breadcrumb\":{\"@id\":\"https:\/\/www.mediaplateforme.com\/fr\/about\/#breadcrumb\"},\"inLanguage\":\"fr-FR\",\"potentialAction\":[{\"@type\":\"ReadAction\",\"target\":[\"https:\/\/www.mediaplateforme.com\/fr\/about\/\"]}]},{\"@type\":\"BreadcrumbList\",\"@id\":\"https:\/\/www.mediaplateforme.com\/fr\/about\/#breadcrumb\",\"itemListElement\":[{\"@type\":\"ListItem\",\"position\":1,\"name\":\"\u0627\u0644\u0631\u0626\u064a\u0633\u064a\u0629\",\"item\":\"https:\/\/www.mediaplateforme.com\/fr\/\"},{\"@type\":\"ListItem\",\"position\":2,\"name\":\"\u00c0 propos\"}]},{\"@type\":\"WebSite\",\"@id\":\"https:\/\/www.mediaplateforme.com\/fr\/#website\",\"url\":\"https:\/\/www.mediaplateforme.com\/fr\/\",\"name\":\"MEDIA PLATEFORME | FR\",\"description\":\"Mediaplateforme sp\u00e9cialis\u00e9 dans la communication institutions publiques et des entreprises\",\"potentialAction\":[{\"@type\":\"SearchAction\",\"target\":{\"@type\":\"EntryPoint\",\"urlTemplate\":\"https:\/\/www.mediaplateforme.com\/fr\/?s={search_term_string}\"},\"query-input\":\"required name=search_term_string\"}],\"inLanguage\":\"fr-FR\"}]}<\/script>\n<!-- \/ Yoast SEO plugin. -->","yoast_head_json":{"title":"\u00c0 propos - MEDIA PLATEFORME | FR","robots":{"index":"index","follow":"follow","max-snippet":"max-snippet:-1","max-image-preview":"max-image-preview:large","max-video-preview":"max-video-preview:-1"},"canonical":"https:\/\/www.mediaplateforme.com\/fr\/about\/","og_locale":"fr_FR","og_type":"article","og_title":"\u00c0 propos - MEDIA PLATEFORME | FR","og_description":"Mediaplateforme.com est le premier m\u00e9dia marocain, sp\u00e9cialis\u00e9 dans la communication institutions publiques et des entreprises.","og_url":"https:\/\/www.mediaplateforme.com\/fr\/about\/","og_site_name":"MEDIA PLATEFORME | FR","article_modified_time":"2023-08-14T20:16:41+00:00","twitter_card":"summary_large_image","twitter_misc":{"Dur\u00e9e de lecture estim\u00e9e":"1 minute"},"schema":{"@context":"https:\/\/schema.org","@graph":[{"@type":"WebPage","@id":"https:\/\/www.mediaplateforme.com\/fr\/about\/","url":"https:\/\/www.mediaplateforme.com\/fr\/about\/","name":"\u00c0 propos - MEDIA PLATEFORME | FR","isPartOf":{"@id":"https:\/\/www.mediaplateforme.com\/fr\/#website"},"datePublished":"2022-06-14T10:30:57+00:00","dateModified":"2023-08-14T20:16:41+00:00","breadcrumb":{"@id":"https:\/\/www.mediaplateforme.com\/fr\/about\/#breadcrumb"},"inLanguage":"fr-FR","potentialAction":[{"@type":"ReadAction","target":["https:\/\/www.mediaplateforme.com\/fr\/about\/"]}]},{"@type":"BreadcrumbList","@id":"https:\/\/www.mediaplateforme.com\/fr\/about\/#breadcrumb","itemListElement":[{"@type":"ListItem","position":1,"name":"\u0627\u0644\u0631\u0626\u064a\u0633\u064a\u0629","item":"https:\/\/www.mediaplateforme.com\/fr\/"},{"@type":"ListItem","position":2,"name":"\u00c0 propos"}]},{"@type":"WebSite","@id":"https:\/\/www.mediaplateforme.com\/fr\/#website","url":"https:\/\/www.mediaplateforme.com\/fr\/","name":"MEDIA PLATEFORME | FR","description":"Mediaplateforme sp\u00e9cialis\u00e9 dans la communication institutions publiques et des entreprises","potentialAction":[{"@type":"SearchAction","target":{"@type":"EntryPoint","urlTemplate":"https:\/\/www.mediaplateforme.com\/fr\/?s={search_term_string}"},"query-input":"required name=search_term_string"}],"inLanguage":"fr-FR"}]}},"_links":{"self":[{"href":"https:\/\/www.mediaplateforme.com\/fr\/wp-json\/wp\/v2\/pages\/14","targetHints":{"allow":["GET"]}}],"collection":[{"href":"https:\/\/www.mediaplateforme.com\/fr\/wp-json\/wp\/v2\/pages"}],"about":[{"href":"https:\/\/www.mediaplateforme.com\/fr\/wp-json\/wp\/v2\/types\/page"}],"author":[{"embeddable":true,"href":"https:\/\/www.mediaplateforme.com\/fr\/wp-json\/wp\/v2\/users\/12"}],"replies":[{"embeddable":true,"href":"https:\/\/www.mediaplateforme.com\/fr\/wp-json\/wp\/v2\/comments?post=14"}],"version-history":[{"count":1,"href":"https:\/\/www.mediaplateforme.com\/fr\/wp-json\/wp\/v2\/pages\/14\/revisions"}],"predecessor-version":[{"id":3868,"href":"https:\/\/www.mediaplateforme.com\/fr\/wp-json\/wp\/v2\/pages\/14\/revisions\/3868"}],"wp:attachment":[{"href":"https:\/\/www.mediaplateforme.com\/fr\/wp-json\/wp\/v2\/media?parent=14"}],"curies":[{"name":"wp","href":"https:\/\/api.w.org\/{rel}","templated":true}]}}